{"id":801,"date":"2022-09-13T20:54:53","date_gmt":"2022-09-13T18:54:53","guid":{"rendered":"https:\/\/goter-harmonika.com\/?page_id=801"},"modified":"2022-09-13T20:54:53","modified_gmt":"2022-09-13T18:54:53","slug":"spica-krom-tiger-eye","status":"publish","type":"page","link":"https:\/\/goter-harmonika.com\/de\/spica-krom-tiger-eye\/","title":{"rendered":"Spitze Chrom Tiger Eye"},"content":{"rendered":"<h1 style=\"text-align: center;\">Spitze<\/h1>\n<h2 style=\"text-align: center;\">\u2013 Chrom\u00a0\u2013<\/h2>\n<h3 style=\"text-align: center;\">Tiger Eye<\/h3>\n<hr class=\"\" style=\"margin: 0 auto 30px;\"\/>\n\n<p><strong><span style=\"color: #7f5e3a;\">Gr\u00f6sse der Harmonika<\/span><\/strong><br \/>\n38 \u00d7 20 cm<\/p>\n<p><strong><span style=\"color: #7f5e3a;\">Anzahl der Diskantkn\u00f6pfe<\/span><\/strong><br \/>\n37 + 6<\/p>\n<p><strong><span style=\"color: #7f5e3a;\">Anzahl der Basskn\u00f6pfe<\/span><\/strong><br \/>\n12<\/p>\n<p><strong><span style=\"color: #7f5e3a;\">Anzahl der Helikonb<\/span><\/strong><strong><span style=\"color: #7f5e3a;\">\u00e4sse<\/span><\/strong><br \/>\n14<\/p>\n<p><strong><span style=\"color: #7f5e3a;\">Stimmung \u2212 dreistimmig<\/span><\/strong><br \/>\nG-C-F \/ Gis-Cis-Fis \/ A-D-G,<br \/>\nB-Es-As \/ H-E-A \/ C-F-B \/<br \/>\nCis-Fis-H \/ D-G-C<\/p>\n","protected":false},"excerpt":{"rendered":"<p>Spitze \u2013 Chrom\u00a0\u2013 Tiger Eye Gr\u00f6sse der Harmonika 38 \u00d7 20 cm Anzahl der Diskantkn\u00f6pfe 37 + 6 Anzahl der Basskn\u00f6pfe 12 Anzahl der Helikonb\u00e4sse 14<span class=\"excerpt-hellip\"> [\u2026]<\/span><\/p>\n","protected":false},"author":1,"featured_media":0,"parent":0,"menu_order":0,"comment_status":"closed","ping_status":"closed","template":"","meta":{"footnotes":""},"class_list":["post-801","page","type-page","status-publish","hentry"],"_links":{"self":[{"href":"https:\/\/goter-harmonika.com\/de\/wp-json\/wp\/v2\/pages\/801\/"}],"collection":[{"href":"https:\/\/goter-harmonika.com\/de\/wp-json\/wp\/v2\/pages\/"}],"about":[{"href":"https:\/\/goter-harmonika.com\/de\/wp-json\/wp\/v2\/types\/page\/"}],"author":[{"embeddable":true,"href":"https:\/\/goter-harmonika.com\/de\/wp-json\/wp\/v2\/users\/1\/"}],"replies":[{"embeddable":true,"href":"https:\/\/goter-harmonika.com\/de\/wp-json\/wp\/v2\/comments\/?post=801"}],"version-history":[{"count":1,"href":"https:\/\/goter-harmonika.com\/de\/wp-json\/wp\/v2\/pages\/801\/revisions\/"}],"predecessor-version":[{"id":848,"href":"https:\/\/goter-harmonika.com\/de\/wp-json\/wp\/v2\/pages\/801\/revisions\/848\/"}],"wp:attachment":[{"href":"https:\/\/goter-harmonika.com\/de\/wp-json\/wp\/v2\/media\/?parent=801"}],"curies":[{"name":"wp","href":"https:\/\/api.w.org\/{rel}","templated":true}]}}