{"id":651,"date":"2017-04-10T14:11:35","date_gmt":"2017-04-10T12:11:35","guid":{"rendered":"https:\/\/goter-harmonika.com\/?page_id=651\/"},"modified":"2017-08-08T15:50:50","modified_gmt":"2017-08-08T13:50:50","slug":"spica-krom-oliva-stirivrsticna","status":"publish","type":"page","link":"https:\/\/goter-harmonika.com\/de\/spica-krom-oliva-stirivrsticna\/","title":{"rendered":"\u0160pica Krom \u0161tirivrsti\u010dna"},"content":{"rendered":"<h1 style=\"text-align: center;\">Spitze<\/h1>\n<h2 style=\"text-align: center;\">\u2013 Chrom\u00a0\u2013<\/h2>\n<h3 style=\"text-align: center;\">Vierreihigen<\/h3>\n<hr class=\"\" style=\"margin: 0 auto 30px;\"\/>\n\n<p><strong><span style=\"color: #7f5e3a;\">Gr\u00f6sse der Harmonika<\/span><\/strong><br \/>\n38 \u00d7 20 cm<\/p>\n<p><strong><span style=\"color: #7f5e3a;\">Anzahl der Diskantkn\u00f6pfe<\/span><\/strong><br \/>\n48<\/p>\n<p><strong><span style=\"color: #7f5e3a;\">Anzahl der Basskn\u00f6pfe<\/span><\/strong><br \/>\n15 &#8211; 20<\/p>\n<p><strong><span style=\"color: #7f5e3a;\">Anzahl der Helikonb<\/span><\/strong><strong><span style=\"color: #7f5e3a;\">\u00e4sse<\/span><\/strong><br \/>\n18<\/p>\n<p><strong><span style=\"color: #7f5e3a;\">Stimmung \u2212 dreistimmig<\/span><\/strong><br \/>\nG-C-F-B \/ Gis-Cis-Fis-H \/ A-D-G-C \/<br \/>\nB-Es-As-Des \/ H-E-A-D \/ C-F-B-Es \/<br \/>\nF-B-Es-As \/<\/p>\n","protected":false},"excerpt":{"rendered":"<p>Spitze \u2013 Chrom\u00a0\u2013 Vierreihigen Gr\u00f6sse der Harmonika 38 \u00d7 20 cm Anzahl der Diskantkn\u00f6pfe 48 Anzahl der Basskn\u00f6pfe 15 &#8211; 20 Anzahl der Helikonb\u00e4sse 18 Stimmung<span class=\"excerpt-hellip\"> [\u2026]<\/span><\/p>\n","protected":false},"author":1,"featured_media":0,"parent":0,"menu_order":0,"comment_status":"closed","ping_status":"closed","template":"","meta":{"footnotes":""},"class_list":["post-651","page","type-page","status-publish","hentry"],"_links":{"self":[{"href":"https:\/\/goter-harmonika.com\/de\/wp-json\/wp\/v2\/pages\/651\/"}],"collection":[{"href":"https:\/\/goter-harmonika.com\/de\/wp-json\/wp\/v2\/pages\/"}],"about":[{"href":"https:\/\/goter-harmonika.com\/de\/wp-json\/wp\/v2\/types\/page\/"}],"author":[{"embeddable":true,"href":"https:\/\/goter-harmonika.com\/de\/wp-json\/wp\/v2\/users\/1\/"}],"replies":[{"embeddable":true,"href":"https:\/\/goter-harmonika.com\/de\/wp-json\/wp\/v2\/comments\/?post=651"}],"version-history":[{"count":9,"href":"https:\/\/goter-harmonika.com\/de\/wp-json\/wp\/v2\/pages\/651\/revisions\/"}],"predecessor-version":[{"id":690,"href":"https:\/\/goter-harmonika.com\/de\/wp-json\/wp\/v2\/pages\/651\/revisions\/690\/"}],"wp:attachment":[{"href":"https:\/\/goter-harmonika.com\/de\/wp-json\/wp\/v2\/media\/?parent=651"}],"curies":[{"name":"wp","href":"https:\/\/api.w.org\/{rel}","templated":true}]}}