{"id":422,"date":"2016-08-02T11:55:53","date_gmt":"2016-08-02T11:55:53","guid":{"rendered":"https:\/\/goter-harmonika.com\/wood-2\/"},"modified":"2017-08-07T11:55:26","modified_gmt":"2017-08-07T09:55:26","slug":"wood-2","status":"publish","type":"page","link":"https:\/\/goter-harmonika.com\/de\/wood-2\/","title":{"rendered":"Spitze matt Olive Wood"},"content":{"rendered":"<h1 style=\"text-align: center;\">Spitze<\/h1>\n<h2 style=\"text-align: center;\">\u2013 matt \u2013<\/h2>\n<h3 style=\"text-align: center;\">Olive Wood<\/h3>\n<hr class=\"\" style=\"margin: 0 auto 30px;\"\/>\n\n<p><strong><span style=\"color: #7f5e3a;\">Gr\u00f6sse der Harmonika<img loading=\"lazy\" decoding=\"async\" class=\"alignright wp-image-673 size-full\" style=\"margin-right: 150px;\" src=\"https:\/\/goter-harmonika.com\/wp-content\/uploads\/2016\/09\/oznaka_internet_4_reihiges-1.jpg\" width=\"160\" height=\"134\" srcset=\"https:\/\/goter-harmonika.com\/wp-content\/uploads\/2016\/09\/oznaka_internet_4_reihiges-1.jpg 160w, https:\/\/goter-harmonika.com\/wp-content\/uploads\/2016\/09\/oznaka_internet_4_reihiges-1-50x42.jpg 50w, https:\/\/goter-harmonika.com\/wp-content\/uploads\/2016\/09\/oznaka_internet_4_reihiges-1-90x75.jpg 90w\" sizes=\"auto, (max-width: 160px) 100vw, 160px\" \/><\/span><\/strong><br \/>\n38 \u00d7 20 cm<\/p>\n<p><strong><span style=\"color: #7f5e3a;\">Anzahl der Diskantkn\u00f6pfe<\/span><\/strong><br \/>\n37 + 6<\/p>\n<p><strong><span style=\"color: #7f5e3a;\">Anzahl der Basskn\u00f6pfe<\/span><\/strong><br \/>\n12<\/p>\n<p><strong><span style=\"color: #7f5e3a;\">Anzahl der Helikonb<\/span><\/strong><strong><span style=\"color: #7f5e3a;\">\u00e4sse<\/span><\/strong><br \/>\n14<\/p>\n<p><strong><span style=\"color: #7f5e3a;\">Stimmung \u2212 dreistimmig<\/span><\/strong><br \/>\nG-C-F \/ Gis-Cis-Fis \/ A-D-G,<br \/>\nB-Es-As \/ H-E-A \/ C-F-B \/<br \/>\nCis-Fis-H \/ D-G-C<\/p>\n<p>&nbsp;<\/p>\n<p>&nbsp;<\/p>\n","protected":false},"excerpt":{"rendered":"<p>Spitze \u2013 matt \u2013 Olive Wood Gr\u00f6sse der Harmonika 38 \u00d7 20 cm Anzahl der Diskantkn\u00f6pfe 37 + 6 Anzahl der Basskn\u00f6pfe 12 Anzahl der Helikonb\u00e4sse<span class=\"excerpt-hellip\"> [\u2026]<\/span><\/p>\n","protected":false},"author":1,"featured_media":0,"parent":0,"menu_order":0,"comment_status":"closed","ping_status":"closed","template":"","meta":{"footnotes":""},"class_list":["post-422","page","type-page","status-publish","hentry"],"_links":{"self":[{"href":"https:\/\/goter-harmonika.com\/de\/wp-json\/wp\/v2\/pages\/422\/"}],"collection":[{"href":"https:\/\/goter-harmonika.com\/de\/wp-json\/wp\/v2\/pages\/"}],"about":[{"href":"https:\/\/goter-harmonika.com\/de\/wp-json\/wp\/v2\/types\/page\/"}],"author":[{"embeddable":true,"href":"https:\/\/goter-harmonika.com\/de\/wp-json\/wp\/v2\/users\/1\/"}],"replies":[{"embeddable":true,"href":"https:\/\/goter-harmonika.com\/de\/wp-json\/wp\/v2\/comments\/?post=422"}],"version-history":[{"count":10,"href":"https:\/\/goter-harmonika.com\/de\/wp-json\/wp\/v2\/pages\/422\/revisions\/"}],"predecessor-version":[{"id":683,"href":"https:\/\/goter-harmonika.com\/de\/wp-json\/wp\/v2\/pages\/422\/revisions\/683\/"}],"wp:attachment":[{"href":"https:\/\/goter-harmonika.com\/de\/wp-json\/wp\/v2\/media\/?parent=422"}],"curies":[{"name":"wp","href":"https:\/\/api.w.org\/{rel}","templated":true}]}}